{"id":20,"date":"2022-04-19T17:31:16","date_gmt":"2022-04-19T15:31:16","guid":{"rendered":"http:\/\/association-gasp.fr\/?page_id=20"},"modified":"2024-02-13T11:15:44","modified_gmt":"2024-02-13T10:15:44","slug":"conseil-dadministration","status":"publish","type":"page","link":"https:\/\/association-gasp.fr\/index.php\/conseil-dadministration\/","title":{"rendered":"Conseil d&#8217;administration"},"content":{"rendered":"\n<div class=\"row align-equal align-center\"  id=\"row-1043934679\">\n\n<div class=\"col small-12 large-12\"  ><div class=\"col-inner\"  >\n\n<h2>\u00a0<\/h2>\n<h2 style=\"text-align: center;\">Conseil d\u2019administration<\/h2>\n<p>\u00a0<\/p>\n<p>Monsieur Laurent MOREAU. de nationalite fran\u00e7aise, divorc\u00e9. chef d\u2019entreprise, demeurant 66\/1 Rue Raymond Derain 59700 MARCQ EN BAROEUL<\/p>\n<p>Monsieur Christian VIEILLEDENT, de narionalit\u00e9 fran\u00e7aise. mari\u00e9, chef d\u2019entreprise, demeurant 49 avenue de la Mame 59155 FACHES-THUMESNIL<\/p>\n<p>Madame Pascale LE GLEAU, de nationalit\u00e9 fran\u00e7aise, mari\u00e9e, retrait\u00e9e, demeurant 49 avenue de la Mame 59155 FACHES-THUMESNIL<\/p>\n<p>Madame Doroth\u00e9e MESMACQUE, de nationalit\u00e9 fran\u00e7aise. divorc\u00e9e. correspondante pastorale, demeurant 347 rue de Cagny 80090 Amiens<\/p>\n<p>Madame Sol\u00e8ne VIEILLEDENT, de nationalit\u00e9 fran\u00e7arse, pacs\u00e9e, \u00e9ducatrice sp\u00e9cialis\u00e9e, demeurant 14 rue des Muguets 59000 LILLE<\/p>\n<p>Mademoiselle Chlo\u00e9 MOREAU-MESMACQUE, de nationalit\u00e9 fran\u00e7aise, c\u00e9libataire, infirmi\u00e8re, demeurant 75 rue de Wervicq 59166 BOUSBECQ<\/p>\n<p>Monsieur Thibaut VIEILLEDENT, de nationalit\u00e9 fran\u00e7aise, c\u00e9libataire, ing\u00e9nieur, demeurant 9 rue Charles Saint Venalt 59790 RONCHIN<\/p>\n<p>Monsieur Lucas MOREAU-MESMACQUE, de nationalit\u00e9 fran\u00e7aise, c\u00e9libataire, Infirmier, demeurant 347 rue de Cagny 80090 Amiens<\/p>\n<p>Monsieur S\u00e9bastien PRUVOST. de nationalit\u00e9 fran\u00e7aise, pacs\u00e9, responsable de magasin, demeurant 14 rue des Muguets 59000 LILLE<\/p>\n<p>\u00a0<\/p>\n\n<\/div><\/div>\n\n\n<style scope=\"scope\">\n\n#row-1043934679 > .col > .col-inner {\n  padding: 20px 0px 0px 0px;\n}\n<\/style>\n<\/div>\n\n","protected":false},"excerpt":{"rendered":"","protected":false},"author":1,"featured_media":0,"parent":0,"menu_order":0,"comment_status":"closed","ping_status":"closed","template":"page-blank-landingpage.php","meta":{"footnotes":""},"class_list":["post-20","page","type-page","status-publish","hentry"],"_links":{"self":[{"href":"https:\/\/association-gasp.fr\/index.php\/wp-json\/wp\/v2\/pages\/20","targetHints":{"allow":["GET"]}}],"collection":[{"href":"https:\/\/association-gasp.fr\/index.php\/wp-json\/wp\/v2\/pages"}],"about":[{"href":"https:\/\/association-gasp.fr\/index.php\/wp-json\/wp\/v2\/types\/page"}],"author":[{"embeddable":true,"href":"https:\/\/association-gasp.fr\/index.php\/wp-json\/wp\/v2\/users\/1"}],"replies":[{"embeddable":true,"href":"https:\/\/association-gasp.fr\/index.php\/wp-json\/wp\/v2\/comments?post=20"}],"version-history":[{"count":6,"href":"https:\/\/association-gasp.fr\/index.php\/wp-json\/wp\/v2\/pages\/20\/revisions"}],"predecessor-version":[{"id":42,"href":"https:\/\/association-gasp.fr\/index.php\/wp-json\/wp\/v2\/pages\/20\/revisions\/42"}],"wp:attachment":[{"href":"https:\/\/association-gasp.fr\/index.php\/wp-json\/wp\/v2\/media?parent=20"}],"curies":[{"name":"wp","href":"https:\/\/api.w.org\/{rel}","templated":true}]}}