{"id":6,"date":"2022-04-19T17:14:28","date_gmt":"2022-04-19T15:14:28","guid":{"rendered":"http:\/\/association-gasp.fr\/?page_id=6"},"modified":"2022-04-19T17:41:21","modified_gmt":"2022-04-19T15:41:21","slug":"6-2","status":"publish","type":"page","link":"https:\/\/association-gasp.fr\/","title":{"rendered":""},"content":{"rendered":"\n\n  <div class=\"banner has-hover is-full-height\" id=\"banner-904786081\">\n          <div class=\"banner-inner fill\">\n        <div class=\"banner-bg fill\" >\n            <div class=\"bg fill bg-fill \"><\/div>\n                        <div class=\"overlay\"><\/div>            \n                    <\/div><!-- bg-layers -->\n        <div class=\"banner-layers container\">\n            <div class=\"fill banner-link\"><\/div>            \n\n   <div id=\"text-box-1751430764\" class=\"text-box banner-layer x50 md-x50 lg-x50 y50 md-y50 lg-y50 res-text\">\n                     <div data-animate=\"fadeInUp\">           <div class=\"text \">\n              \n              <div class=\"text-inner text-center\">\n                  \n\n<h2><span style=\"font-size: 170%; color: #ffffff;\"><strong>GASP<\/strong><\/span><\/h2>\n<p><span style=\"color: #ffffff;\">Groupement des assur\u00e9s en sant\u00e9 et en pr\u00e9voyance<\/span><\/p>\n<div class=\"row\"  id=\"row-410292552\">\n\n<div class=\"col medium-3 small-12 large-3\"  ><div class=\"col-inner box-shadow-3\" style=\"background-color:rgba(254, 254, 254, 0.69);padding:65px 0px 65px 0px;\" >\n\n<h4><a href=\"http:\/\/association-gasp.fr\/index.php\/statuts\/\"><span style=\"color: #282828;\">STATUTS<\/span><\/a><\/h4>\n\n<\/div><\/div>\n<div class=\"col medium-4 small-12 large-4\"  ><div class=\"col-inner\" style=\"background-color:rgba(254, 254, 254, 0.69);padding:45px 0px 45px 0px;\" >\n\n<h4><a href=\"http:\/\/association-gasp.fr\/index.php\/conseil-dadministration\/\"><span style=\"color: #282828;\">CONSEIL D&#8217;ADMINISTRATION<br \/><\/span><\/a><\/h4>\n\n<\/div><\/div>\n<div class=\"col medium-3 small-12 large-3\"  ><div class=\"col-inner\" style=\"background-color:rgba(254, 254, 254, 0.69);padding:65px 0px 65px 0px;\" >\n\n<h4><a href=\"mailto:contact@association-gasp.fr\"><span style=\"color: #282828;\">CONTACT<\/span><\/a><\/h4>\n\n<\/div><\/div>\n<div class=\"col medium-4 small-12 large-4\"  ><div class=\"col-inner\" style=\"background-color:rgba(254, 254, 254, 0.69);padding:45px 0px 45px 0px;\" >\n\n<h4><a href=\"http:\/\/association-gasp.fr\/index.php\/mentions-legales\/\"><span style=\"color: #282828;\">MENTIONS L\u00c9GALES<br \/><\/span><\/a><\/h4>\n\n<\/div><\/div>\n\n<\/div>\n<div class=\"is-divider divider clearfix\" ><\/div><!-- .divider -->\n\n\n              <\/div>\n           <\/div><!-- text-box-inner -->\n       <\/div>                     \n<style scope=\"scope\">\n\n#text-box-1751430764 {\n  width: 85%;\n}\n#text-box-1751430764 .text {\n  font-size: 100%;\n}\n\n\n@media (min-width:550px) {\n\n  #text-box-1751430764 {\n    width: 86%;\n  }\n\n}\n<\/style>\n    <\/div><!-- text-box -->\n \n   <div id=\"text-box-892541128\" class=\"text-box banner-layer x50 md-x50 lg-x50 y95 md-y95 lg-y95 res-text\">\n                                <div class=\"text dark\">\n              \n              <div class=\"text-inner text-center\">\n                  \n\n\t<div class=\"img has-hover x md-x lg-x y md-y lg-y\" id=\"image_699671635\">\n\t\t\t\t\t\t\t\t<div class=\"img-inner dark\" >\n\t\t\t<img loading=\"lazy\" decoding=\"async\" width=\"254\" height=\"185\" src=\"https:\/\/association-gasp.fr\/wp-content\/uploads\/2022\/04\/logo-tepee.png\" class=\"attachment-large size-large\" alt=\"\" \/>\t\t\t\t\t\t\n\t\t\t\t\t<\/div>\n\t\t\t\t\t\t\t\t\n<style scope=\"scope\">\n\n#image_699671635 {\n  width: 17%;\n}\n<\/style>\n\t<\/div>\n\t\n\n\n              <\/div>\n           <\/div><!-- text-box-inner -->\n                            \n<style scope=\"scope\">\n\n#text-box-892541128 {\n  width: 58%;\n}\n#text-box-892541128 .text {\n  font-size: 100%;\n}\n<\/style>\n    <\/div><!-- text-box -->\n \n\n        <\/div><!-- .banner-layers -->\n      <\/div><!-- .banner-inner -->\n\n            \n<style scope=\"scope\">\n\n#banner-904786081 {\n  padding-top: 100%;\n}\n#banner-904786081 .bg.bg-loaded {\n  background-image: url(https:\/\/association-gasp.fr\/wp-content\/uploads\/2022\/04\/AdobeStock_292893077-scaled.jpeg);\n}\n#banner-904786081 .overlay {\n  background-color: rgba(0, 0, 0, 0.43);\n}\n<\/style>\n  <\/div><!-- .banner -->\n\n\n\n","protected":false},"excerpt":{"rendered":"","protected":false},"author":1,"featured_media":0,"parent":0,"menu_order":0,"comment_status":"closed","ping_status":"closed","template":"page-blank-landingpage.php","meta":{"footnotes":""},"class_list":["post-6","page","type-page","status-publish","hentry"],"_links":{"self":[{"href":"https:\/\/association-gasp.fr\/index.php\/wp-json\/wp\/v2\/pages\/6","targetHints":{"allow":["GET"]}}],"collection":[{"href":"https:\/\/association-gasp.fr\/index.php\/wp-json\/wp\/v2\/pages"}],"about":[{"href":"https:\/\/association-gasp.fr\/index.php\/wp-json\/wp\/v2\/types\/page"}],"author":[{"embeddable":true,"href":"https:\/\/association-gasp.fr\/index.php\/wp-json\/wp\/v2\/users\/1"}],"replies":[{"embeddable":true,"href":"https:\/\/association-gasp.fr\/index.php\/wp-json\/wp\/v2\/comments?post=6"}],"version-history":[{"count":8,"href":"https:\/\/association-gasp.fr\/index.php\/wp-json\/wp\/v2\/pages\/6\/revisions"}],"predecessor-version":[{"id":28,"href":"https:\/\/association-gasp.fr\/index.php\/wp-json\/wp\/v2\/pages\/6\/revisions\/28"}],"wp:attachment":[{"href":"https:\/\/association-gasp.fr\/index.php\/wp-json\/wp\/v2\/media?parent=6"}],"curies":[{"name":"wp","href":"https:\/\/api.w.org\/{rel}","templated":true}]}}